{"id":226,"date":"2018-01-06T08:20:35","date_gmt":"2018-01-06T08:20:35","guid":{"rendered":"http:\/\/www.directorysite.sharksdemo.com\/?page_id=226"},"modified":"2024-06-24T08:57:08","modified_gmt":"2024-06-24T08:57:08","slug":"about","status":"publish","type":"page","link":"https:\/\/nautique.services-pro.fr\/fr_FR\/about\/","title":{"rendered":"A propos"},"content":{"rendered":"<p><img fetchpriority=\"high\" decoding=\"async\" class=\"wp-image-35263 alignleft\" src=\"https:\/\/nautique.services-pro.fr\/wp-content\/uploads\/2023\/07\/cadence-228x300.jpg\" alt=\"\" width=\"408\" height=\"537\" srcset=\"https:\/\/nautique.services-pro.fr\/wp-content\/uploads\/2023\/07\/cadence-228x300.jpg 228w, https:\/\/nautique.services-pro.fr\/wp-content\/uploads\/2023\/07\/cadence-9x12.jpg 9w, https:\/\/nautique.services-pro.fr\/wp-content\/uploads\/2023\/07\/cadence.jpg 449w\" sizes=\"(max-width: 408px) 100vw, 408px\" \/><\/p>\n<h2>A propos de Cadence Web et nautique.services-pro.fr<\/h2>\n<p>Notre site web de ressources sp\u00e9cialis\u00e9es est une liste, un catalogue en ligne de sites web qui recense les entreprises de services de location, transport et de travaux maritimes et fluviaux.<\/p>\n<p>Le site nautique.services-pro.fr a pour mission de connecter les donneurs d&#8217;ordre et les entreprises de service du secteur, promouvant l&#8217;\u00e9cosyst\u00e8me \u00e9conomique de ces m\u00e9tiers de sp\u00e9cialit\u00e9.<\/p>\n<p>Deux types d&#8217;annonces peuvent \u00eatre cr\u00e9es, les gratuites et les premiums. Avec l&#8217;annonce gratuite, l&#8217;entreprise met les donn\u00e9es de base mais ne peut ajouter de description, d&#8217;images et autres d\u00e9tails qui aident au r\u00e9f\u00e9rencement sur Google.<\/p>\n<p><a href=\"http:\/\/www.cadence-web.fr\" target=\"_blank\" rel=\"noopener\">Cadence Web<\/a> a pour vocation d&#8217;aider les entreprises du secteur \u00e0 prosp\u00e9rer \u00e0 l&#8217;\u00e8re d&#8217;internet. Nous mettons en place des actions qui sont adapt\u00e9es \u00e0 vos besoin, et \u00e0 votre budget. Site internet, r\u00e9f\u00e9rencement, Google Ads : nous g\u00e9rons tout de A \u00e0 Z pour vous apporter des clients. Ainsi, vous vous concentrez sur ce que vous savez faire de mieux, votre m\u00e9tier.<\/p>\n<p>&nbsp;<\/p>\n<p>&nbsp;<\/p>","protected":false},"excerpt":{"rendered":"<p>A propos de Cadence Web et nautique.services-pro.fr Notre site web de ressources sp\u00e9cialis\u00e9es est une liste, un catalogue en ligne de sites web qui recense les entreprises de services de location, transport et de travaux maritimes et fluviaux. Le site nautique.services-pro.fr a pour mission de connecter les donneurs d&#8217;ordre et les entreprises de service du &hellip; <\/p>\n<p class=\"link-more\"><a href=\"https:\/\/nautique.services-pro.fr\/fr_FR\/about\/\" class=\"more-link\">Continue reading<span class=\"screen-reader-text\"> &#8220;A propos&#8221;<\/span><\/a><\/p>","protected":false},"author":1,"featured_media":0,"parent":0,"menu_order":0,"comment_status":"closed","ping_status":"closed","template":"","meta":{"footnotes":""},"class_list":["post-226","page","type-page","status-publish","hentry"],"yoast_head":"<!-- This site is optimized with the Yoast SEO plugin v22.9 - https:\/\/yoast.com\/wordpress\/plugins\/seo\/ -->\n<title>A propos - Nautique Services<\/title>\n<meta name=\"robots\" content=\"index, follow, max-snippet:-1, max-image-preview:large, max-video-preview:-1\" \/>\n<link rel=\"canonical\" href=\"https:\/\/nautique.services-pro.fr\/fr_FR\/about\/\" \/>\n<meta property=\"og:locale\" content=\"fr_FR\" \/>\n<meta property=\"og:type\" content=\"article\" \/>\n<meta property=\"og:title\" content=\"A propos - Nautique Services\" \/>\n<meta property=\"og:description\" content=\"A propos de Cadence Web et nautique.services-pro.fr Notre site web de ressources sp\u00e9cialis\u00e9es est une liste, un catalogue en ligne de sites web qui recense les entreprises de services de location, transport et de travaux maritimes et fluviaux. Le site nautique.services-pro.fr a pour mission de connecter les donneurs d&#8217;ordre et les entreprises de service du &hellip; Continue reading &quot;A propos&quot;\" \/>\n<meta property=\"og:url\" content=\"https:\/\/nautique.services-pro.fr\/fr_FR\/about\/\" \/>\n<meta property=\"og:site_name\" content=\"Nautique Services\" \/>\n<meta property=\"article:modified_time\" content=\"2024-06-24T08:57:08+00:00\" \/>\n<meta property=\"og:image\" content=\"https:\/\/nautique.services-pro.fr\/wp-content\/uploads\/2023\/07\/cadence-228x300.jpg\" \/>\n<meta name=\"twitter:card\" content=\"summary_large_image\" \/>\n<meta name=\"twitter:label1\" content=\"Dur\u00e9e de lecture estim\u00e9e\" \/>\n\t<meta name=\"twitter:data1\" content=\"2 minutes\" \/>\n<script type=\"application\/ld+json\" class=\"yoast-schema-graph\">{\"@context\":\"https:\/\/schema.org\",\"@graph\":[{\"@type\":\"WebPage\",\"@id\":\"https:\/\/nautique.services-pro.fr\/about\/\",\"url\":\"https:\/\/nautique.services-pro.fr\/about\/\",\"name\":\"A propos - Nautique Services\",\"isPartOf\":{\"@id\":\"https:\/\/nautique.services-pro.fr\/#website\"},\"primaryImageOfPage\":{\"@id\":\"https:\/\/nautique.services-pro.fr\/about\/#primaryimage\"},\"image\":{\"@id\":\"https:\/\/nautique.services-pro.fr\/about\/#primaryimage\"},\"thumbnailUrl\":\"https:\/\/nautique.services-pro.fr\/wp-content\/uploads\/2023\/07\/cadence-228x300.jpg\",\"datePublished\":\"2018-01-06T08:20:35+00:00\",\"dateModified\":\"2024-06-24T08:57:08+00:00\",\"breadcrumb\":{\"@id\":\"https:\/\/nautique.services-pro.fr\/about\/#breadcrumb\"},\"inLanguage\":\"fr-FR\",\"potentialAction\":[{\"@type\":\"ReadAction\",\"target\":[\"https:\/\/nautique.services-pro.fr\/about\/\"]}]},{\"@type\":\"ImageObject\",\"inLanguage\":\"fr-FR\",\"@id\":\"https:\/\/nautique.services-pro.fr\/about\/#primaryimage\",\"url\":\"https:\/\/nautique.services-pro.fr\/wp-content\/uploads\/2023\/07\/cadence-228x300.jpg\",\"contentUrl\":\"https:\/\/nautique.services-pro.fr\/wp-content\/uploads\/2023\/07\/cadence-228x300.jpg\"},{\"@type\":\"BreadcrumbList\",\"@id\":\"https:\/\/nautique.services-pro.fr\/about\/#breadcrumb\",\"itemListElement\":[{\"@type\":\"ListItem\",\"position\":1,\"name\":\"Accueil\",\"item\":\"https:\/\/nautique.services-pro.fr\/\"},{\"@type\":\"ListItem\",\"position\":2,\"name\":\"A propos\"}]},{\"@type\":\"WebSite\",\"@id\":\"https:\/\/nautique.services-pro.fr\/#website\",\"url\":\"https:\/\/nautique.services-pro.fr\/\",\"name\":\"Nautique Services\",\"description\":\"La r\u00e9f\u00e9rences des professionnels du Fluvio-Maritime\",\"publisher\":{\"@id\":\"https:\/\/nautique.services-pro.fr\/#organization\"},\"potentialAction\":[{\"@type\":\"SearchAction\",\"target\":{\"@type\":\"EntryPoint\",\"urlTemplate\":\"https:\/\/nautique.services-pro.fr\/?s={search_term_string}\"},\"query-input\":\"required name=search_term_string\"}],\"inLanguage\":\"fr-FR\"},{\"@type\":\"Organization\",\"@id\":\"https:\/\/nautique.services-pro.fr\/#organization\",\"name\":\"Nautique Services\",\"url\":\"https:\/\/nautique.services-pro.fr\/\",\"logo\":{\"@type\":\"ImageObject\",\"inLanguage\":\"fr-FR\",\"@id\":\"https:\/\/nautique.services-pro.fr\/#\/schema\/logo\/image\/\",\"url\":\"https:\/\/nautique.services-pro.fr\/wp-content\/uploads\/2024\/06\/cropped-LYON-7-500-\u00d7-300-px-e1719218103832.png\",\"contentUrl\":\"https:\/\/nautique.services-pro.fr\/wp-content\/uploads\/2024\/06\/cropped-LYON-7-500-\u00d7-300-px-e1719218103832.png\",\"width\":416,\"height\":250,\"caption\":\"Nautique Services\"},\"image\":{\"@id\":\"https:\/\/nautique.services-pro.fr\/#\/schema\/logo\/image\/\"}}]}<\/script>\n<!-- \/ Yoast SEO plugin. -->","yoast_head_json":{"title":"A propos - Nautique Services","robots":{"index":"index","follow":"follow","max-snippet":"max-snippet:-1","max-image-preview":"max-image-preview:large","max-video-preview":"max-video-preview:-1"},"canonical":"https:\/\/nautique.services-pro.fr\/fr_FR\/about\/","og_locale":"fr_FR","og_type":"article","og_title":"A propos - Nautique Services","og_description":"A propos de Cadence Web et nautique.services-pro.fr Notre site web de ressources sp\u00e9cialis\u00e9es est une liste, un catalogue en ligne de sites web qui recense les entreprises de services de location, transport et de travaux maritimes et fluviaux. Le site nautique.services-pro.fr a pour mission de connecter les donneurs d&#8217;ordre et les entreprises de service du &hellip; Continue reading \"A propos\"","og_url":"https:\/\/nautique.services-pro.fr\/fr_FR\/about\/","og_site_name":"Nautique Services","article_modified_time":"2024-06-24T08:57:08+00:00","og_image":[{"url":"https:\/\/nautique.services-pro.fr\/wp-content\/uploads\/2023\/07\/cadence-228x300.jpg"}],"twitter_card":"summary_large_image","twitter_misc":{"Dur\u00e9e de lecture estim\u00e9e":"2 minutes"},"schema":{"@context":"https:\/\/schema.org","@graph":[{"@type":"WebPage","@id":"https:\/\/nautique.services-pro.fr\/about\/","url":"https:\/\/nautique.services-pro.fr\/about\/","name":"A propos - Nautique Services","isPartOf":{"@id":"https:\/\/nautique.services-pro.fr\/#website"},"primaryImageOfPage":{"@id":"https:\/\/nautique.services-pro.fr\/about\/#primaryimage"},"image":{"@id":"https:\/\/nautique.services-pro.fr\/about\/#primaryimage"},"thumbnailUrl":"https:\/\/nautique.services-pro.fr\/wp-content\/uploads\/2023\/07\/cadence-228x300.jpg","datePublished":"2018-01-06T08:20:35+00:00","dateModified":"2024-06-24T08:57:08+00:00","breadcrumb":{"@id":"https:\/\/nautique.services-pro.fr\/about\/#breadcrumb"},"inLanguage":"fr-FR","potentialAction":[{"@type":"ReadAction","target":["https:\/\/nautique.services-pro.fr\/about\/"]}]},{"@type":"ImageObject","inLanguage":"fr-FR","@id":"https:\/\/nautique.services-pro.fr\/about\/#primaryimage","url":"https:\/\/nautique.services-pro.fr\/wp-content\/uploads\/2023\/07\/cadence-228x300.jpg","contentUrl":"https:\/\/nautique.services-pro.fr\/wp-content\/uploads\/2023\/07\/cadence-228x300.jpg"},{"@type":"BreadcrumbList","@id":"https:\/\/nautique.services-pro.fr\/about\/#breadcrumb","itemListElement":[{"@type":"ListItem","position":1,"name":"Accueil","item":"https:\/\/nautique.services-pro.fr\/"},{"@type":"ListItem","position":2,"name":"A propos"}]},{"@type":"WebSite","@id":"https:\/\/nautique.services-pro.fr\/#website","url":"https:\/\/nautique.services-pro.fr\/","name":"Nautique Services","description":"La r\u00e9f\u00e9rences des professionnels du Fluvio-Maritime","publisher":{"@id":"https:\/\/nautique.services-pro.fr\/#organization"},"potentialAction":[{"@type":"SearchAction","target":{"@type":"EntryPoint","urlTemplate":"https:\/\/nautique.services-pro.fr\/?s={search_term_string}"},"query-input":"required name=search_term_string"}],"inLanguage":"fr-FR"},{"@type":"Organization","@id":"https:\/\/nautique.services-pro.fr\/#organization","name":"Nautique Services","url":"https:\/\/nautique.services-pro.fr\/","logo":{"@type":"ImageObject","inLanguage":"fr-FR","@id":"https:\/\/nautique.services-pro.fr\/#\/schema\/logo\/image\/","url":"https:\/\/nautique.services-pro.fr\/wp-content\/uploads\/2024\/06\/cropped-LYON-7-500-\u00d7-300-px-e1719218103832.png","contentUrl":"https:\/\/nautique.services-pro.fr\/wp-content\/uploads\/2024\/06\/cropped-LYON-7-500-\u00d7-300-px-e1719218103832.png","width":416,"height":250,"caption":"Nautique Services"},"image":{"@id":"https:\/\/nautique.services-pro.fr\/#\/schema\/logo\/image\/"}}]}},"_links":{"self":[{"href":"https:\/\/nautique.services-pro.fr\/fr_FR\/wp-json\/wp\/v2\/pages\/226","targetHints":{"allow":["GET"]}}],"collection":[{"href":"https:\/\/nautique.services-pro.fr\/fr_FR\/wp-json\/wp\/v2\/pages"}],"about":[{"href":"https:\/\/nautique.services-pro.fr\/fr_FR\/wp-json\/wp\/v2\/types\/page"}],"author":[{"embeddable":true,"href":"https:\/\/nautique.services-pro.fr\/fr_FR\/wp-json\/wp\/v2\/users\/1"}],"replies":[{"embeddable":true,"href":"https:\/\/nautique.services-pro.fr\/fr_FR\/wp-json\/wp\/v2\/comments?post=226"}],"version-history":[{"count":7,"href":"https:\/\/nautique.services-pro.fr\/fr_FR\/wp-json\/wp\/v2\/pages\/226\/revisions"}],"predecessor-version":[{"id":35426,"href":"https:\/\/nautique.services-pro.fr\/fr_FR\/wp-json\/wp\/v2\/pages\/226\/revisions\/35426"}],"wp:attachment":[{"href":"https:\/\/nautique.services-pro.fr\/fr_FR\/wp-json\/wp\/v2\/media?parent=226"}],"curies":[{"name":"wp","href":"https:\/\/api.w.org\/{rel}","templated":true}]}}