{"id":35030,"date":"2017-09-22T03:09:02","date_gmt":"2017-09-22T03:09:02","guid":{"rendered":"http:\/\/www.directorysite.sharksdemo.com\/?page_id=8"},"modified":"2024-06-24T08:48:59","modified_gmt":"2024-06-24T08:48:59","slug":"home","status":"publish","type":"page","link":"https:\/\/nautique.services-pro.fr\/fr_FR\/","title":{"rendered":"Accueil"},"content":{"rendered":"<p>Bienvenue dans le guide des services nautiques professionnels.<\/p>\n<p>Vous \u00eates sur un site qui a pour but de mettre avant les entreprises de service de l&#8217;univers du nautisme, des transports et des travaux fluviaux et maritimes.<\/p>\n<p>Pour les usages, c&#8217;est ici un lieu de recommandations ou vous retrouvez vos entreprises recommand\u00e9es. Pour les professionnels, vous avez ici la possibilit\u00e9 de vous mettre en avant \u00e0 l&#8217;\u00e9chelle nationale, quelle que soit la taille de votre entreprise.<\/p>\n<p>Pensez \u00e0 enregistrer votre entreprise, ou \u00e0 nous soumettre une demande ! Cela fait vivre le site et am\u00e9liore votre r\u00e9f\u00e9rencement.<\/p>\n<p>Partagez ce site avec vos partenaires, vos confr\u00e8res, vos proches et sur les r\u00e9seaux pour le faire conna\u00eetre.<\/p>","protected":false},"excerpt":{"rendered":"<p>Bienvenue dans le guide des services nautiques professionnels. Vous \u00eates sur un site qui a pour but de mettre avant les entreprises de service de l&#8217;univers du nautisme, des transports et des travaux fluviaux et maritimes. Pour les usages, c&#8217;est ici un lieu de recommandations ou vous retrouvez vos entreprises recommand\u00e9es. Pour les professionnels, vous &hellip; <\/p>\n<p class=\"link-more\"><a href=\"https:\/\/nautique.services-pro.fr\/fr_FR\/\" class=\"more-link\">Continue reading<span class=\"screen-reader-text\"> &#8220;Accueil&#8221;<\/span><\/a><\/p>","protected":false},"author":1,"featured_media":0,"parent":0,"menu_order":0,"comment_status":"closed","ping_status":"closed","template":"","meta":{"footnotes":""},"class_list":["post-35030","page","type-page","status-publish","hentry"],"yoast_head":"<!-- This site is optimized with the Yoast SEO plugin v22.9 - https:\/\/yoast.com\/wordpress\/plugins\/seo\/ -->\n<title>Accueil - Nautique Services<\/title>\n<meta name=\"robots\" content=\"index, follow, max-snippet:-1, max-image-preview:large, max-video-preview:-1\" \/>\n<link rel=\"canonical\" href=\"https:\/\/nautique.services-pro.fr\/fr_FR\/\" \/>\n<meta property=\"og:locale\" content=\"fr_FR\" \/>\n<meta property=\"og:type\" content=\"article\" \/>\n<meta property=\"og:title\" content=\"Accueil - Nautique Services\" \/>\n<meta property=\"og:description\" content=\"Bienvenue dans le guide des services nautiques professionnels. Vous \u00eates sur un site qui a pour but de mettre avant les entreprises de service de l&#8217;univers du nautisme, des transports et des travaux fluviaux et maritimes. Pour les usages, c&#8217;est ici un lieu de recommandations ou vous retrouvez vos entreprises recommand\u00e9es. Pour les professionnels, vous &hellip; Continue reading &quot;Accueil&quot;\" \/>\n<meta property=\"og:url\" content=\"https:\/\/nautique.services-pro.fr\/fr_FR\/\" \/>\n<meta property=\"og:site_name\" content=\"Nautique Services\" \/>\n<meta property=\"article:modified_time\" content=\"2024-06-24T08:48:59+00:00\" \/>\n<meta name=\"twitter:card\" content=\"summary_large_image\" \/>\n<meta name=\"twitter:label1\" content=\"Dur\u00e9e de lecture estim\u00e9e\" \/>\n\t<meta name=\"twitter:data1\" content=\"1 minute\" \/>\n<script type=\"application\/ld+json\" class=\"yoast-schema-graph\">{\"@context\":\"https:\/\/schema.org\",\"@graph\":[{\"@type\":\"WebPage\",\"@id\":\"https:\/\/nautique.services-pro.fr\/\",\"url\":\"https:\/\/nautique.services-pro.fr\/\",\"name\":\"Accueil - Nautique Services\",\"isPartOf\":{\"@id\":\"https:\/\/nautique.services-pro.fr\/#website\"},\"datePublished\":\"2017-09-22T03:09:02+00:00\",\"dateModified\":\"2024-06-24T08:48:59+00:00\",\"breadcrumb\":{\"@id\":\"https:\/\/nautique.services-pro.fr\/#breadcrumb\"},\"inLanguage\":\"fr-FR\",\"potentialAction\":[{\"@type\":\"ReadAction\",\"target\":[\"https:\/\/nautique.services-pro.fr\/\"]}]},{\"@type\":\"BreadcrumbList\",\"@id\":\"https:\/\/nautique.services-pro.fr\/#breadcrumb\",\"itemListElement\":[{\"@type\":\"ListItem\",\"position\":1,\"name\":\"Accueil\",\"item\":\"https:\/\/nautique.services-pro.fr\/\"},{\"@type\":\"ListItem\",\"position\":2,\"name\":\"Accueil\"}]},{\"@type\":\"WebSite\",\"@id\":\"https:\/\/nautique.services-pro.fr\/#website\",\"url\":\"https:\/\/nautique.services-pro.fr\/\",\"name\":\"Nautique Services\",\"description\":\"La r\u00e9f\u00e9rences des professionnels du Fluvio-Maritime\",\"publisher\":{\"@id\":\"https:\/\/nautique.services-pro.fr\/#organization\"},\"potentialAction\":[{\"@type\":\"SearchAction\",\"target\":{\"@type\":\"EntryPoint\",\"urlTemplate\":\"https:\/\/nautique.services-pro.fr\/?s={search_term_string}\"},\"query-input\":\"required name=search_term_string\"}],\"inLanguage\":\"fr-FR\"},{\"@type\":\"Organization\",\"@id\":\"https:\/\/nautique.services-pro.fr\/#organization\",\"name\":\"Nautique Services\",\"url\":\"https:\/\/nautique.services-pro.fr\/\",\"logo\":{\"@type\":\"ImageObject\",\"inLanguage\":\"fr-FR\",\"@id\":\"https:\/\/nautique.services-pro.fr\/#\/schema\/logo\/image\/\",\"url\":\"https:\/\/nautique.services-pro.fr\/wp-content\/uploads\/2024\/06\/cropped-LYON-7-500-\u00d7-300-px-e1719218103832.png\",\"contentUrl\":\"https:\/\/nautique.services-pro.fr\/wp-content\/uploads\/2024\/06\/cropped-LYON-7-500-\u00d7-300-px-e1719218103832.png\",\"width\":416,\"height\":250,\"caption\":\"Nautique Services\"},\"image\":{\"@id\":\"https:\/\/nautique.services-pro.fr\/#\/schema\/logo\/image\/\"}}]}<\/script>\n<!-- \/ Yoast SEO plugin. -->","yoast_head_json":{"title":"Accueil - Nautique Services","robots":{"index":"index","follow":"follow","max-snippet":"max-snippet:-1","max-image-preview":"max-image-preview:large","max-video-preview":"max-video-preview:-1"},"canonical":"https:\/\/nautique.services-pro.fr\/fr_FR\/","og_locale":"fr_FR","og_type":"article","og_title":"Accueil - Nautique Services","og_description":"Bienvenue dans le guide des services nautiques professionnels. Vous \u00eates sur un site qui a pour but de mettre avant les entreprises de service de l&#8217;univers du nautisme, des transports et des travaux fluviaux et maritimes. Pour les usages, c&#8217;est ici un lieu de recommandations ou vous retrouvez vos entreprises recommand\u00e9es. Pour les professionnels, vous &hellip; Continue reading \"Accueil\"","og_url":"https:\/\/nautique.services-pro.fr\/fr_FR\/","og_site_name":"Nautique Services","article_modified_time":"2024-06-24T08:48:59+00:00","twitter_card":"summary_large_image","twitter_misc":{"Dur\u00e9e de lecture estim\u00e9e":"1 minute"},"schema":{"@context":"https:\/\/schema.org","@graph":[{"@type":"WebPage","@id":"https:\/\/nautique.services-pro.fr\/","url":"https:\/\/nautique.services-pro.fr\/","name":"Accueil - Nautique Services","isPartOf":{"@id":"https:\/\/nautique.services-pro.fr\/#website"},"datePublished":"2017-09-22T03:09:02+00:00","dateModified":"2024-06-24T08:48:59+00:00","breadcrumb":{"@id":"https:\/\/nautique.services-pro.fr\/#breadcrumb"},"inLanguage":"fr-FR","potentialAction":[{"@type":"ReadAction","target":["https:\/\/nautique.services-pro.fr\/"]}]},{"@type":"BreadcrumbList","@id":"https:\/\/nautique.services-pro.fr\/#breadcrumb","itemListElement":[{"@type":"ListItem","position":1,"name":"Accueil","item":"https:\/\/nautique.services-pro.fr\/"},{"@type":"ListItem","position":2,"name":"Accueil"}]},{"@type":"WebSite","@id":"https:\/\/nautique.services-pro.fr\/#website","url":"https:\/\/nautique.services-pro.fr\/","name":"Nautique Services","description":"La r\u00e9f\u00e9rences des professionnels du Fluvio-Maritime","publisher":{"@id":"https:\/\/nautique.services-pro.fr\/#organization"},"potentialAction":[{"@type":"SearchAction","target":{"@type":"EntryPoint","urlTemplate":"https:\/\/nautique.services-pro.fr\/?s={search_term_string}"},"query-input":"required name=search_term_string"}],"inLanguage":"fr-FR"},{"@type":"Organization","@id":"https:\/\/nautique.services-pro.fr\/#organization","name":"Nautique Services","url":"https:\/\/nautique.services-pro.fr\/","logo":{"@type":"ImageObject","inLanguage":"fr-FR","@id":"https:\/\/nautique.services-pro.fr\/#\/schema\/logo\/image\/","url":"https:\/\/nautique.services-pro.fr\/wp-content\/uploads\/2024\/06\/cropped-LYON-7-500-\u00d7-300-px-e1719218103832.png","contentUrl":"https:\/\/nautique.services-pro.fr\/wp-content\/uploads\/2024\/06\/cropped-LYON-7-500-\u00d7-300-px-e1719218103832.png","width":416,"height":250,"caption":"Nautique Services"},"image":{"@id":"https:\/\/nautique.services-pro.fr\/#\/schema\/logo\/image\/"}}]}},"_links":{"self":[{"href":"https:\/\/nautique.services-pro.fr\/fr_FR\/wp-json\/wp\/v2\/pages\/35030","targetHints":{"allow":["GET"]}}],"collection":[{"href":"https:\/\/nautique.services-pro.fr\/fr_FR\/wp-json\/wp\/v2\/pages"}],"about":[{"href":"https:\/\/nautique.services-pro.fr\/fr_FR\/wp-json\/wp\/v2\/types\/page"}],"author":[{"embeddable":true,"href":"https:\/\/nautique.services-pro.fr\/fr_FR\/wp-json\/wp\/v2\/users\/1"}],"replies":[{"embeddable":true,"href":"https:\/\/nautique.services-pro.fr\/fr_FR\/wp-json\/wp\/v2\/comments?post=35030"}],"version-history":[{"count":43,"href":"https:\/\/nautique.services-pro.fr\/fr_FR\/wp-json\/wp\/v2\/pages\/35030\/revisions"}],"predecessor-version":[{"id":35444,"href":"https:\/\/nautique.services-pro.fr\/fr_FR\/wp-json\/wp\/v2\/pages\/35030\/revisions\/35444"}],"wp:attachment":[{"href":"https:\/\/nautique.services-pro.fr\/fr_FR\/wp-json\/wp\/v2\/media?parent=35030"}],"curies":[{"name":"wp","href":"https:\/\/api.w.org\/{rel}","templated":true}]}}