{"id":370,"date":"2018-01-17T05:53:03","date_gmt":"2018-01-17T05:53:03","guid":{"rendered":"http:\/\/directorysite.sharksdemo.com\/?page_id=370"},"modified":"2023-07-19T11:45:48","modified_gmt":"2023-07-19T11:45:48","slug":"advertise","status":"publish","type":"page","link":"https:\/\/nautique.services-pro.fr\/fr_FR\/advertise\/","title":{"rendered":"Advertise"},"content":{"rendered":"<p>Nous offrons actuellement la possibilit\u00e9 de faire de la publicit\u00e9 sur l&#8217;ensemble du site et de promouvoir votre entreprise aupr\u00e8s de milliers d&#8217;utilisateurs chaque mois. Les trois principales tailles de banni\u00e8res sont les suivantes<\/p>\n<p>Tableau de bord (728\u00d790 pixels)<br \/>\nBanni\u00e8re compl\u00e8te (468\u00d760 pixels)<br \/>\nDemi-banni\u00e8re (234\u00d760 pixels)<br \/>\nGrand rectangle (250\u00d7250 pixels)<\/p>\n<p>Les banni\u00e8res publicitaires tournantes sont utilis\u00e9es dans la barre lat\u00e9rale, le pied de page, les pages et les articles d&#8217;actualit\u00e9 et peuvent renvoyer \u00e0 des sites web, \u00e0 votre page Facebook ou \u00e0 votre inscription dans l&#8217;annuaire. Ne vous inqui\u00e9tez pas si vous n&#8217;avez pas de banni\u00e8re, nous en cr\u00e9erons une pour vous gratuitement.<\/p>\n<p>Pour obtenir des informations sur les tarifs des banni\u00e8res publicitaires ou pour faire cr\u00e9er des banni\u00e8res publicitaires, veuillez nous appeler au 07 56 83 18 64<\/p>","protected":false},"excerpt":{"rendered":"<p>Nous offrons actuellement la possibilit\u00e9 de faire de la publicit\u00e9 sur l&#8217;ensemble du site et de promouvoir votre entreprise aupr\u00e8s de milliers d&#8217;utilisateurs chaque mois. Les trois principales tailles de banni\u00e8res sont les suivantes Tableau de bord (728\u00d790 pixels) Banni\u00e8re compl\u00e8te (468\u00d760 pixels) Demi-banni\u00e8re (234\u00d760 pixels) Grand rectangle (250\u00d7250 pixels) Les banni\u00e8res publicitaires tournantes sont &hellip; <\/p>\n<p class=\"link-more\"><a href=\"https:\/\/nautique.services-pro.fr\/fr_FR\/advertise\/\" class=\"more-link\">Continue reading<span class=\"screen-reader-text\"> &#8220;Advertise&#8221;<\/span><\/a><\/p>","protected":false},"author":1,"featured_media":0,"parent":0,"menu_order":0,"comment_status":"closed","ping_status":"closed","template":"","meta":{"footnotes":""},"class_list":["post-370","page","type-page","status-publish","hentry"],"yoast_head":"<!-- This site is optimized with the Yoast SEO plugin v22.9 - https:\/\/yoast.com\/wordpress\/plugins\/seo\/ -->\n<title>Advertise - Nautique Services<\/title>\n<meta name=\"robots\" content=\"index, follow, max-snippet:-1, max-image-preview:large, max-video-preview:-1\" \/>\n<link rel=\"canonical\" href=\"https:\/\/nautique.services-pro.fr\/fr_FR\/advertise\/\" \/>\n<meta property=\"og:locale\" content=\"fr_FR\" \/>\n<meta property=\"og:type\" content=\"article\" \/>\n<meta property=\"og:title\" content=\"Advertise - Nautique Services\" \/>\n<meta property=\"og:description\" content=\"Nous offrons actuellement la possibilit\u00e9 de faire de la publicit\u00e9 sur l&#8217;ensemble du site et de promouvoir votre entreprise aupr\u00e8s de milliers d&#8217;utilisateurs chaque mois. Les trois principales tailles de banni\u00e8res sont les suivantes Tableau de bord (728\u00d790 pixels) Banni\u00e8re compl\u00e8te (468\u00d760 pixels) Demi-banni\u00e8re (234\u00d760 pixels) Grand rectangle (250\u00d7250 pixels) Les banni\u00e8res publicitaires tournantes sont &hellip; Continue reading &quot;Advertise&quot;\" \/>\n<meta property=\"og:url\" content=\"https:\/\/nautique.services-pro.fr\/fr_FR\/advertise\/\" \/>\n<meta property=\"og:site_name\" content=\"Nautique Services\" \/>\n<meta property=\"article:modified_time\" content=\"2023-07-19T11:45:48+00:00\" \/>\n<meta name=\"twitter:card\" content=\"summary_large_image\" \/>\n<meta name=\"twitter:label1\" content=\"Dur\u00e9e de lecture estim\u00e9e\" \/>\n\t<meta name=\"twitter:data1\" content=\"1 minute\" \/>\n<script type=\"application\/ld+json\" class=\"yoast-schema-graph\">{\"@context\":\"https:\/\/schema.org\",\"@graph\":[{\"@type\":\"WebPage\",\"@id\":\"https:\/\/nautique.services-pro.fr\/advertise\/\",\"url\":\"https:\/\/nautique.services-pro.fr\/advertise\/\",\"name\":\"Advertise - Nautique Services\",\"isPartOf\":{\"@id\":\"https:\/\/nautique.services-pro.fr\/#website\"},\"datePublished\":\"2018-01-17T05:53:03+00:00\",\"dateModified\":\"2023-07-19T11:45:48+00:00\",\"breadcrumb\":{\"@id\":\"https:\/\/nautique.services-pro.fr\/advertise\/#breadcrumb\"},\"inLanguage\":\"fr-FR\",\"potentialAction\":[{\"@type\":\"ReadAction\",\"target\":[\"https:\/\/nautique.services-pro.fr\/advertise\/\"]}]},{\"@type\":\"BreadcrumbList\",\"@id\":\"https:\/\/nautique.services-pro.fr\/advertise\/#breadcrumb\",\"itemListElement\":[{\"@type\":\"ListItem\",\"position\":1,\"name\":\"Accueil\",\"item\":\"https:\/\/nautique.services-pro.fr\/\"},{\"@type\":\"ListItem\",\"position\":2,\"name\":\"Advertise\"}]},{\"@type\":\"WebSite\",\"@id\":\"https:\/\/nautique.services-pro.fr\/#website\",\"url\":\"https:\/\/nautique.services-pro.fr\/\",\"name\":\"Nautique Services\",\"description\":\"La r\u00e9f\u00e9rences des professionnels du Fluvio-Maritime\",\"publisher\":{\"@id\":\"https:\/\/nautique.services-pro.fr\/#organization\"},\"potentialAction\":[{\"@type\":\"SearchAction\",\"target\":{\"@type\":\"EntryPoint\",\"urlTemplate\":\"https:\/\/nautique.services-pro.fr\/?s={search_term_string}\"},\"query-input\":\"required name=search_term_string\"}],\"inLanguage\":\"fr-FR\"},{\"@type\":\"Organization\",\"@id\":\"https:\/\/nautique.services-pro.fr\/#organization\",\"name\":\"Nautique Services\",\"url\":\"https:\/\/nautique.services-pro.fr\/\",\"logo\":{\"@type\":\"ImageObject\",\"inLanguage\":\"fr-FR\",\"@id\":\"https:\/\/nautique.services-pro.fr\/#\/schema\/logo\/image\/\",\"url\":\"https:\/\/nautique.services-pro.fr\/wp-content\/uploads\/2024\/06\/cropped-LYON-7-500-\u00d7-300-px-e1719218103832.png\",\"contentUrl\":\"https:\/\/nautique.services-pro.fr\/wp-content\/uploads\/2024\/06\/cropped-LYON-7-500-\u00d7-300-px-e1719218103832.png\",\"width\":416,\"height\":250,\"caption\":\"Nautique Services\"},\"image\":{\"@id\":\"https:\/\/nautique.services-pro.fr\/#\/schema\/logo\/image\/\"}}]}<\/script>\n<!-- \/ Yoast SEO plugin. -->","yoast_head_json":{"title":"Advertise - Nautique Services","robots":{"index":"index","follow":"follow","max-snippet":"max-snippet:-1","max-image-preview":"max-image-preview:large","max-video-preview":"max-video-preview:-1"},"canonical":"https:\/\/nautique.services-pro.fr\/fr_FR\/advertise\/","og_locale":"fr_FR","og_type":"article","og_title":"Advertise - Nautique Services","og_description":"Nous offrons actuellement la possibilit\u00e9 de faire de la publicit\u00e9 sur l&#8217;ensemble du site et de promouvoir votre entreprise aupr\u00e8s de milliers d&#8217;utilisateurs chaque mois. Les trois principales tailles de banni\u00e8res sont les suivantes Tableau de bord (728\u00d790 pixels) Banni\u00e8re compl\u00e8te (468\u00d760 pixels) Demi-banni\u00e8re (234\u00d760 pixels) Grand rectangle (250\u00d7250 pixels) Les banni\u00e8res publicitaires tournantes sont &hellip; Continue reading \"Advertise\"","og_url":"https:\/\/nautique.services-pro.fr\/fr_FR\/advertise\/","og_site_name":"Nautique Services","article_modified_time":"2023-07-19T11:45:48+00:00","twitter_card":"summary_large_image","twitter_misc":{"Dur\u00e9e de lecture estim\u00e9e":"1 minute"},"schema":{"@context":"https:\/\/schema.org","@graph":[{"@type":"WebPage","@id":"https:\/\/nautique.services-pro.fr\/advertise\/","url":"https:\/\/nautique.services-pro.fr\/advertise\/","name":"Advertise - Nautique Services","isPartOf":{"@id":"https:\/\/nautique.services-pro.fr\/#website"},"datePublished":"2018-01-17T05:53:03+00:00","dateModified":"2023-07-19T11:45:48+00:00","breadcrumb":{"@id":"https:\/\/nautique.services-pro.fr\/advertise\/#breadcrumb"},"inLanguage":"fr-FR","potentialAction":[{"@type":"ReadAction","target":["https:\/\/nautique.services-pro.fr\/advertise\/"]}]},{"@type":"BreadcrumbList","@id":"https:\/\/nautique.services-pro.fr\/advertise\/#breadcrumb","itemListElement":[{"@type":"ListItem","position":1,"name":"Accueil","item":"https:\/\/nautique.services-pro.fr\/"},{"@type":"ListItem","position":2,"name":"Advertise"}]},{"@type":"WebSite","@id":"https:\/\/nautique.services-pro.fr\/#website","url":"https:\/\/nautique.services-pro.fr\/","name":"Nautique Services","description":"La r\u00e9f\u00e9rences des professionnels du Fluvio-Maritime","publisher":{"@id":"https:\/\/nautique.services-pro.fr\/#organization"},"potentialAction":[{"@type":"SearchAction","target":{"@type":"EntryPoint","urlTemplate":"https:\/\/nautique.services-pro.fr\/?s={search_term_string}"},"query-input":"required name=search_term_string"}],"inLanguage":"fr-FR"},{"@type":"Organization","@id":"https:\/\/nautique.services-pro.fr\/#organization","name":"Nautique Services","url":"https:\/\/nautique.services-pro.fr\/","logo":{"@type":"ImageObject","inLanguage":"fr-FR","@id":"https:\/\/nautique.services-pro.fr\/#\/schema\/logo\/image\/","url":"https:\/\/nautique.services-pro.fr\/wp-content\/uploads\/2024\/06\/cropped-LYON-7-500-\u00d7-300-px-e1719218103832.png","contentUrl":"https:\/\/nautique.services-pro.fr\/wp-content\/uploads\/2024\/06\/cropped-LYON-7-500-\u00d7-300-px-e1719218103832.png","width":416,"height":250,"caption":"Nautique Services"},"image":{"@id":"https:\/\/nautique.services-pro.fr\/#\/schema\/logo\/image\/"}}]}},"_links":{"self":[{"href":"https:\/\/nautique.services-pro.fr\/fr_FR\/wp-json\/wp\/v2\/pages\/370","targetHints":{"allow":["GET"]}}],"collection":[{"href":"https:\/\/nautique.services-pro.fr\/fr_FR\/wp-json\/wp\/v2\/pages"}],"about":[{"href":"https:\/\/nautique.services-pro.fr\/fr_FR\/wp-json\/wp\/v2\/types\/page"}],"author":[{"embeddable":true,"href":"https:\/\/nautique.services-pro.fr\/fr_FR\/wp-json\/wp\/v2\/users\/1"}],"replies":[{"embeddable":true,"href":"https:\/\/nautique.services-pro.fr\/fr_FR\/wp-json\/wp\/v2\/comments?post=370"}],"version-history":[{"count":4,"href":"https:\/\/nautique.services-pro.fr\/fr_FR\/wp-json\/wp\/v2\/pages\/370\/revisions"}],"predecessor-version":[{"id":35257,"href":"https:\/\/nautique.services-pro.fr\/fr_FR\/wp-json\/wp\/v2\/pages\/370\/revisions\/35257"}],"wp:attachment":[{"href":"https:\/\/nautique.services-pro.fr\/fr_FR\/wp-json\/wp\/v2\/media?parent=370"}],"curies":[{"name":"wp","href":"https:\/\/api.w.org\/{rel}","templated":true}]}}